{"id":3528,"date":"2022-09-21T13:00:10","date_gmt":"2022-09-21T11:00:10","guid":{"rendered":"https:\/\/www.nautesdeparis.fr\/boutique\/?post_type=product&#038;p=3528"},"modified":"2024-05-03T12:11:10","modified_gmt":"2024-05-03T10:11:10","slug":"rallye-balade-sur-les-pas-des-hommes-du-general-leclerc-avec-lacagl14-et-les-nautes-de-paris","status":"publish","type":"product","link":"https:\/\/www.nautesdeparis.fr\/boutique\/produit\/rallye-balade-sur-les-pas-des-hommes-du-general-leclerc-avec-lacagl14-et-les-nautes-de-paris\/","title":{"rendered":"Rallye-Balade 2022, Termin\u00e9, sur les pas des hommes du g\u00e9n\u00e9ral Leclerc avec l&rsquo;ACAGL14 et Les Nautes de Paris"},"content":{"rendered":"<p><a href=\"https:\/\/www.nautesdeparis.fr\/boutique\/wp-content\/uploads\/2022\/09\/affiche-01.jpg\"><img decoding=\"async\" loading=\"lazy\" class=\"alignnone size-medium wp-image-3527\" src=\"https:\/\/www.nautesdeparis.fr\/boutique\/wp-content\/uploads\/2022\/09\/affiche-01-212x300.jpg\" alt=\"\" width=\"212\" height=\"300\" srcset=\"https:\/\/www.nautesdeparis.fr\/boutique\/wp-content\/uploads\/2022\/09\/affiche-01-212x300.jpg 212w, https:\/\/www.nautesdeparis.fr\/boutique\/wp-content\/uploads\/2022\/09\/affiche-01-scaled-188x266.jpg 188w, https:\/\/www.nautesdeparis.fr\/boutique\/wp-content\/uploads\/2022\/09\/affiche-01-scaled-234x331.jpg 234w, https:\/\/www.nautesdeparis.fr\/boutique\/wp-content\/uploads\/2022\/09\/affiche-01-768x1086.jpg 768w, https:\/\/www.nautesdeparis.fr\/boutique\/wp-content\/uploads\/2022\/09\/affiche-01-724x1024.jpg 724w, https:\/\/www.nautesdeparis.fr\/boutique\/wp-content\/uploads\/2022\/09\/affiche-01-scaled.jpg 1810w\" sizes=\"(max-width: 212px) 100vw, 212px\" \/><\/a><\/p>\n<p><strong>l\u2019Association des Commer\u00e7ants de l\u2019Avenue du G\u00e9n\u00e9ral Leclerc (ACAGL14) et\u00a0les Nautes de Paris organisent un\u00a0rallye-balade.<\/strong><\/p>\n<p><strong>Un parcours sur les pas de la 2e DB du gl Leclerc est en pr\u00e9paration pour le 16 octobre 2022. Termin\u00e9<\/strong><\/p>\n<p><strong>Afin de prolonger la comm\u00e9moration du 9 octobre 2022, \u00a0ce rallye-balade aura lieu le 16 octobre 2020, de 13h \u00e0 17h. (NB : plus d&rsquo;inscription)<\/strong><\/p>\n<ul>\n<li><strong><em>Rendez-vous \u00e0 13h<\/em><\/strong><strong>,\u00a0porte d\u2019Orl\u00e9ans devant la statue du g\u00e9n\u00e9ral Leclerc pour prendre votre questionnaire et v\u00e9rifier votre inscription.<\/strong><\/li>\n<li><strong><em>Distance \u00e0 parcourir\u00a0\u00e0 pied <\/em><\/strong><strong>: environ 5 kms.<\/strong><\/li>\n<li><strong><em>Inscription\u00a0:<\/em><\/strong><strong>\u00a010 euros par personne;<\/strong><\/li>\n<li><strong><em>O\u00f9 s\u2019inscrire\u00a0:<\/em><\/strong><strong>\u00a0aupr\u00e8s de l\u2019ACAGL14 et <em>jusqu\u2019au 9 octobre sur la boutique du site des Nautes de Paris. Et\/o<\/em>u en renvoyant le formulaire ici au format pdf \u00a0<a href=\"https:\/\/www.nautesdeparis.fr\/boutique\/wp-content\/uploads\/2022\/09\/4-rallye.pdf\">inscription pour le Rallye.<\/a> Joindre votre r\u00e8glement par ch\u00e8que \u00e0\u00a0: Les Nautes de Paris, 12 avenue Ren\u00e9 Coty, 75014 Paris.<\/strong><\/li>\n<\/ul>\n<p><strong>Les inscriptions seront closes le 9\u00a0octobre<\/strong>.\u00a0<strong>Il ne s\u2019agit pas d\u2019une \u00e9preuve sportive, mais d\u2019un jeu, d\u2019un parcours pr\u00e9par\u00e9 par Les Nautes de Paris. Une balade agr\u00e9ment\u00e9e de quelques questions, \u00e0 faire seul ou en \u00e9quipe.<\/strong><\/p>\n<p><strong>Chacun participera couvert par sa propre assurance responsabilit\u00e9 civile. Portera \u00a0ou non un masque et respectera\u00a0les gestes barri\u00e8res li\u00e9s \u00e0 la pr\u00e9vention contre le Coronavirus.<\/strong><\/p>\n<p><em><strong>Partenaires : Le Poin\u00e7on, Gaumont Al\u00e9sia, boutique Linvosges, Mus\u00e9e de la Lib\u00e9ration-Mus\u00e9e du g\u00e9n\u00e9ral Leclerc-Mus\u00e9e Jean Moulin<\/strong><\/em><\/p>\n","protected":false},"excerpt":{"rendered":"<p>Inscription au Rallye-Balade du 16 octobre, sur les pas des hommes du g\u00e9n\u00e9ral Leclerc.&hellip;<\/p>\n","protected":false},"featured_media":3527,"comment_status":"open","ping_status":"closed","template":"","meta":[],"product_cat":[262],"product_tag":[276,277,256,224,278,263,273,264,274,268,270,271,272,223,255,269,227,275],"yoast_head":"<!-- This site is optimized with the Yoast SEO plugin v20.8 - https:\/\/yoast.com\/wordpress\/plugins\/seo\/ -->\n<title>Rallye-Balade 2022, Termin\u00e9, sur les pas des hommes du g\u00e9n\u00e9ral Leclerc avec l&#039;ACAGL14 et Les Nautes de Paris<\/title>\n<meta name=\"description\" content=\"Inscription au Rallye-Balade du 16 octobre, sur les pas des hommes du g\u00e9n\u00e9ral Leclerc.\" \/>\n<meta name=\"robots\" content=\"index, follow, max-snippet:-1, max-image-preview:large, max-video-preview:-1\" \/>\n<link rel=\"canonical\" href=\"https:\/\/www.nautesdeparis.fr\/boutique\/produit\/rallye-balade-sur-les-pas-des-hommes-du-general-leclerc-avec-lacagl14-et-les-nautes-de-paris\/\" \/>\n<meta property=\"og:locale\" content=\"fr_FR\" \/>\n<meta property=\"og:type\" content=\"article\" \/>\n<meta property=\"og:title\" content=\"Rallye-Balade 2022, Termin\u00e9, sur les pas des hommes du g\u00e9n\u00e9ral Leclerc avec l&#039;ACAGL14 et Les Nautes de Paris\" \/>\n<meta property=\"og:description\" content=\"Inscription au Rallye-Balade du 16 octobre, sur les pas des hommes du g\u00e9n\u00e9ral Leclerc.\" \/>\n<meta property=\"og:url\" content=\"https:\/\/www.nautesdeparis.fr\/boutique\/produit\/rallye-balade-sur-les-pas-des-hommes-du-general-leclerc-avec-lacagl14-et-les-nautes-de-paris\/\" \/>\n<meta property=\"og:site_name\" content=\"Boutique en ligne\" \/>\n<meta property=\"article:publisher\" content=\"https:\/\/www.facebook.com\/pages\/Les-Nautes-de-Paris\/453604271391853\" \/>\n<meta property=\"article:modified_time\" content=\"2024-05-03T10:11:10+00:00\" \/>\n<meta property=\"og:image\" content=\"https:\/\/www.nautesdeparis.fr\/boutique\/wp-content\/uploads\/2022\/09\/affiche-01-scaled.jpg\" \/>\n\t<meta property=\"og:image:width\" content=\"1810\" \/>\n\t<meta property=\"og:image:height\" content=\"2560\" \/>\n\t<meta property=\"og:image:type\" content=\"image\/jpeg\" \/>\n<meta name=\"twitter:label1\" content=\"Dur\u00e9e de lecture estim\u00e9e\" \/>\n\t<meta name=\"twitter:data1\" content=\"2 minutes\" \/>\n<script type=\"application\/ld+json\" class=\"yoast-schema-graph\">{\"@context\":\"https:\/\/schema.org\",\"@graph\":[{\"@type\":\"WebPage\",\"@id\":\"https:\/\/www.nautesdeparis.fr\/boutique\/produit\/rallye-balade-sur-les-pas-des-hommes-du-general-leclerc-avec-lacagl14-et-les-nautes-de-paris\/\",\"url\":\"https:\/\/www.nautesdeparis.fr\/boutique\/produit\/rallye-balade-sur-les-pas-des-hommes-du-general-leclerc-avec-lacagl14-et-les-nautes-de-paris\/\",\"name\":\"Rallye-Balade 2022, Termin\u00e9, sur les pas des hommes du g\u00e9n\u00e9ral Leclerc avec l'ACAGL14 et Les Nautes de Paris\",\"isPartOf\":{\"@id\":\"https:\/\/www.nautesdeparis.fr\/boutique\/#website\"},\"datePublished\":\"2022-09-21T11:00:10+00:00\",\"dateModified\":\"2024-05-03T10:11:10+00:00\",\"description\":\"Inscription au Rallye-Balade du 16 octobre, sur les pas des hommes du g\u00e9n\u00e9ral Leclerc.\",\"breadcrumb\":{\"@id\":\"https:\/\/www.nautesdeparis.fr\/boutique\/produit\/rallye-balade-sur-les-pas-des-hommes-du-general-leclerc-avec-lacagl14-et-les-nautes-de-paris\/#breadcrumb\"},\"inLanguage\":\"fr-FR\",\"potentialAction\":[{\"@type\":\"ReadAction\",\"target\":[\"https:\/\/www.nautesdeparis.fr\/boutique\/produit\/rallye-balade-sur-les-pas-des-hommes-du-general-leclerc-avec-lacagl14-et-les-nautes-de-paris\/\"]}]},{\"@type\":\"BreadcrumbList\",\"@id\":\"https:\/\/www.nautesdeparis.fr\/boutique\/produit\/rallye-balade-sur-les-pas-des-hommes-du-general-leclerc-avec-lacagl14-et-les-nautes-de-paris\/#breadcrumb\",\"itemListElement\":[{\"@type\":\"ListItem\",\"position\":1,\"name\":\"Accueil\",\"item\":\"https:\/\/www.nautesdeparis.fr\/boutique\/\"},{\"@type\":\"ListItem\",\"position\":2,\"name\":\"Boutique en ligne\",\"item\":\"https:\/\/www.nautesdeparis.fr\/boutique\/\"},{\"@type\":\"ListItem\",\"position\":3,\"name\":\"Rallye-Balade 2022, Termin\u00e9, sur les pas des hommes du g\u00e9n\u00e9ral Leclerc avec l&rsquo;ACAGL14 et Les Nautes de Paris\"}]},{\"@type\":\"WebSite\",\"@id\":\"https:\/\/www.nautesdeparis.fr\/boutique\/#website\",\"url\":\"https:\/\/www.nautesdeparis.fr\/boutique\/\",\"name\":\"Boutique en ligne\",\"description\":\"La boutique des Nautes de Paris\",\"potentialAction\":[{\"@type\":\"SearchAction\",\"target\":{\"@type\":\"EntryPoint\",\"urlTemplate\":\"https:\/\/www.nautesdeparis.fr\/boutique\/?s={search_term_string}\"},\"query-input\":\"required name=search_term_string\"}],\"inLanguage\":\"fr-FR\"}]}<\/script>\n<!-- \/ Yoast SEO plugin. -->","yoast_head_json":{"title":"Rallye-Balade 2022, Termin\u00e9, sur les pas des hommes du g\u00e9n\u00e9ral Leclerc avec l'ACAGL14 et Les Nautes de Paris","description":"Inscription au Rallye-Balade du 16 octobre, sur les pas des hommes du g\u00e9n\u00e9ral Leclerc.","robots":{"index":"index","follow":"follow","max-snippet":"max-snippet:-1","max-image-preview":"max-image-preview:large","max-video-preview":"max-video-preview:-1"},"canonical":"https:\/\/www.nautesdeparis.fr\/boutique\/produit\/rallye-balade-sur-les-pas-des-hommes-du-general-leclerc-avec-lacagl14-et-les-nautes-de-paris\/","og_locale":"fr_FR","og_type":"article","og_title":"Rallye-Balade 2022, Termin\u00e9, sur les pas des hommes du g\u00e9n\u00e9ral Leclerc avec l'ACAGL14 et Les Nautes de Paris","og_description":"Inscription au Rallye-Balade du 16 octobre, sur les pas des hommes du g\u00e9n\u00e9ral Leclerc.","og_url":"https:\/\/www.nautesdeparis.fr\/boutique\/produit\/rallye-balade-sur-les-pas-des-hommes-du-general-leclerc-avec-lacagl14-et-les-nautes-de-paris\/","og_site_name":"Boutique en ligne","article_publisher":"https:\/\/www.facebook.com\/pages\/Les-Nautes-de-Paris\/453604271391853","article_modified_time":"2024-05-03T10:11:10+00:00","og_image":[{"width":1810,"height":2560,"url":"https:\/\/www.nautesdeparis.fr\/boutique\/wp-content\/uploads\/2022\/09\/affiche-01-scaled.jpg","type":"image\/jpeg"}],"twitter_misc":{"Dur\u00e9e de lecture estim\u00e9e":"2 minutes"},"schema":{"@context":"https:\/\/schema.org","@graph":[{"@type":"WebPage","@id":"https:\/\/www.nautesdeparis.fr\/boutique\/produit\/rallye-balade-sur-les-pas-des-hommes-du-general-leclerc-avec-lacagl14-et-les-nautes-de-paris\/","url":"https:\/\/www.nautesdeparis.fr\/boutique\/produit\/rallye-balade-sur-les-pas-des-hommes-du-general-leclerc-avec-lacagl14-et-les-nautes-de-paris\/","name":"Rallye-Balade 2022, Termin\u00e9, sur les pas des hommes du g\u00e9n\u00e9ral Leclerc avec l'ACAGL14 et Les Nautes de Paris","isPartOf":{"@id":"https:\/\/www.nautesdeparis.fr\/boutique\/#website"},"datePublished":"2022-09-21T11:00:10+00:00","dateModified":"2024-05-03T10:11:10+00:00","description":"Inscription au Rallye-Balade du 16 octobre, sur les pas des hommes du g\u00e9n\u00e9ral Leclerc.","breadcrumb":{"@id":"https:\/\/www.nautesdeparis.fr\/boutique\/produit\/rallye-balade-sur-les-pas-des-hommes-du-general-leclerc-avec-lacagl14-et-les-nautes-de-paris\/#breadcrumb"},"inLanguage":"fr-FR","potentialAction":[{"@type":"ReadAction","target":["https:\/\/www.nautesdeparis.fr\/boutique\/produit\/rallye-balade-sur-les-pas-des-hommes-du-general-leclerc-avec-lacagl14-et-les-nautes-de-paris\/"]}]},{"@type":"BreadcrumbList","@id":"https:\/\/www.nautesdeparis.fr\/boutique\/produit\/rallye-balade-sur-les-pas-des-hommes-du-general-leclerc-avec-lacagl14-et-les-nautes-de-paris\/#breadcrumb","itemListElement":[{"@type":"ListItem","position":1,"name":"Accueil","item":"https:\/\/www.nautesdeparis.fr\/boutique\/"},{"@type":"ListItem","position":2,"name":"Boutique en ligne","item":"https:\/\/www.nautesdeparis.fr\/boutique\/"},{"@type":"ListItem","position":3,"name":"Rallye-Balade 2022, Termin\u00e9, sur les pas des hommes du g\u00e9n\u00e9ral Leclerc avec l&rsquo;ACAGL14 et Les Nautes de Paris"}]},{"@type":"WebSite","@id":"https:\/\/www.nautesdeparis.fr\/boutique\/#website","url":"https:\/\/www.nautesdeparis.fr\/boutique\/","name":"Boutique en ligne","description":"La boutique des Nautes de Paris","potentialAction":[{"@type":"SearchAction","target":{"@type":"EntryPoint","urlTemplate":"https:\/\/www.nautesdeparis.fr\/boutique\/?s={search_term_string}"},"query-input":"required name=search_term_string"}],"inLanguage":"fr-FR"}]}},"_links":{"self":[{"href":"https:\/\/www.nautesdeparis.fr\/boutique\/wp-json\/wp\/v2\/product\/3528"}],"collection":[{"href":"https:\/\/www.nautesdeparis.fr\/boutique\/wp-json\/wp\/v2\/product"}],"about":[{"href":"https:\/\/www.nautesdeparis.fr\/boutique\/wp-json\/wp\/v2\/types\/product"}],"replies":[{"embeddable":true,"href":"https:\/\/www.nautesdeparis.fr\/boutique\/wp-json\/wp\/v2\/comments?post=3528"}],"wp:featuredmedia":[{"embeddable":true,"href":"https:\/\/www.nautesdeparis.fr\/boutique\/wp-json\/wp\/v2\/media\/3527"}],"wp:attachment":[{"href":"https:\/\/www.nautesdeparis.fr\/boutique\/wp-json\/wp\/v2\/media?parent=3528"}],"wp:term":[{"taxonomy":"product_cat","embeddable":true,"href":"https:\/\/www.nautesdeparis.fr\/boutique\/wp-json\/wp\/v2\/product_cat?post=3528"},{"taxonomy":"product_tag","embeddable":true,"href":"https:\/\/www.nautesdeparis.fr\/boutique\/wp-json\/wp\/v2\/product_tag?post=3528"}],"curies":[{"name":"wp","href":"https:\/\/api.w.org\/{rel}","templated":true}]}}