{"id":3259,"date":"2014-03-11T19:25:51","date_gmt":"2014-03-11T19:25:51","guid":{"rendered":"http:\/\/www.nautesdeparis.fr\/boutique\/?post_type=product&#038;p=3259"},"modified":"2014-11-23T19:44:35","modified_gmt":"2014-11-23T17:44:35","slug":"paris-dun-mur-a-lautre","status":"publish","type":"product","link":"https:\/\/www.nautesdeparis.fr\/boutique\/produit\/paris-dun-mur-a-lautre\/","title":{"rendered":"Paris, d&rsquo;un mur \u00e0 l&rsquo;autre"},"content":{"rendered":"<p><strong>Jouez ou pr\u00e9f\u00e9rez une balade sur les traces des enceintes de la Capitale<\/strong><\/p>\n<p>Un square parisien conserve des pierres de la Bastille ; savez-vous o\u00f9 il se trouve ? Une importante usine \u00e9lectrique a \u00e9t\u00e9 construite le long du canal Saint-Martin \u00e0 la fin du 19e si\u00e8cle ; d\u2019apr\u00e8s-vous o\u00f9 \u00e9tait-elle ?<\/p>\n<p>Dans ce guide d\u2019un nouveau genre, vous trouverez les r\u00e9ponses \u00e0 ces deux questions et d\u2019autres questions pour une promenade selon une formule \u00ab rallye et\/ou balade \u00bb. Vous pourrez ainsi d\u00e9couvrir \u00e0 pied en vous amusant, ou bien cal\u00e9 dans votre fauteuil, les emplacements et les vestiges de murs qui ont plus ou moins prot\u00e9g\u00e9 Paris, selon le si\u00e8cle de leur construction. Ils ont progressivement repouss\u00e9 les limites de la Capitale.<\/p>\n<p>Cet ouvrage vous permettra de choisir entre deux modes de sortie, car il s\u2019articule en deux parties. La premi\u00e8re partie propose un rallye p\u00e9destre, des questions accompagnent le parcours. La seconde partie, intitul\u00e9e balade, r\u00e9unit questions et r\u00e9ponses. Ce livre s\u2019adresse aux curieux qui cherchent de nouvelles promenades, de nouveaux parcours, pour vadrouiller dans Paris d\u2019une mani\u00e8re diff\u00e9rente ?<\/p>\n<p><strong>Avec des amis, des proches ou en individuel<\/strong><\/p>\n<p>Vous pourrez devenir l\u2019animateur du Rallye o\u00f9 l\u2019accompagnateur de ce parcours th\u00e9matique dans Paris en optant pour la partie Balade. Pour les parents qui cherchent sans cesse de nouvelles id\u00e9es de sortie pour les plus jeunes, la partie balade peut vous aider \u00e0 pr\u00e9parer plusieurs sorties, plus ou moins longues. Cependant, le parcours complet peut-\u00eatre fait en une journ\u00e9e ; il a \u00e9t\u00e9 test\u00e9 par un groupe de randonneurs.<\/p>\n<p>Ces pages vont ainsi vous permettre gr\u00e2ce \u00e0 une importante iconographie de remonter le temps&#8230;<\/p>\n<p><em> 120 pages au format 16\u00d724 cm<br \/>\nbroch\u00e9 couverture \u00e0 rabats<br \/>\n\u00e9dit\u00e9 par Les Nautes de Paris, Paris 14e<br \/>\nimp. Jouve, Mayenne<br \/>\nprix : 19,80\u20ac ttc<br \/>\nen librairie 18 f\u00e9vrier 2014<\/em><\/p>\n","protected":false},"excerpt":{"rendered":"<p>Jouez ou pr\u00e9f\u00e9rez une balade sur les traces des enceintes de la Capitale Un square parisien conserve des pierres de la Bastille ; savez-vous o\u00f9 il se trouve ? Une importante usine \u00e9lectrique a \u00e9t\u00e9 construite le long du canal Saint-Martin \u00e0 la fin du 19e si\u00e8cle ; d\u2019apr\u00e8s-vous o\u00f9 \u00e9tait-elle ? Dans ce guide&hellip;<\/p>\n","protected":false},"featured_media":3261,"comment_status":"closed","ping_status":"closed","template":"","meta":[],"product_cat":[103],"product_tag":[206,210,205,209],"yoast_head":"<!-- This site is optimized with the Yoast SEO plugin v20.8 - https:\/\/yoast.com\/wordpress\/plugins\/seo\/ -->\n<title>Paris, d&#039;un mur \u00e0 l&#039;autre<\/title>\n<meta name=\"description\" content=\"Livre broch\u00e9 proposant un rallye ou une balade guid\u00e9e d&#039;un mur \u00e0 l&#039;autre sur les traces des enceintes de Paris. Parution le 18 f\u00e9vrier 2014.\" \/>\n<meta name=\"robots\" content=\"index, follow, max-snippet:-1, max-image-preview:large, max-video-preview:-1\" \/>\n<link rel=\"canonical\" href=\"https:\/\/www.nautesdeparis.fr\/boutique\/produit\/paris-dun-mur-a-lautre\/\" \/>\n<meta property=\"og:locale\" content=\"fr_FR\" \/>\n<meta property=\"og:type\" content=\"article\" \/>\n<meta property=\"og:title\" content=\"Paris, d&#039;un mur \u00e0 l&#039;autre\" \/>\n<meta property=\"og:description\" content=\"Livre broch\u00e9 proposant un rallye ou une balade guid\u00e9e d&#039;un mur \u00e0 l&#039;autre sur les traces des enceintes de Paris. Parution le 18 f\u00e9vrier 2014.\" \/>\n<meta property=\"og:url\" content=\"https:\/\/www.nautesdeparis.fr\/boutique\/produit\/paris-dun-mur-a-lautre\/\" \/>\n<meta property=\"og:site_name\" content=\"Boutique en ligne\" \/>\n<meta property=\"article:publisher\" content=\"https:\/\/www.facebook.com\/pages\/Les-Nautes-de-Paris\/453604271391853\" \/>\n<meta property=\"article:modified_time\" content=\"2014-11-23T17:44:35+00:00\" \/>\n<meta property=\"og:image\" content=\"https:\/\/www.nautesdeparis.fr\/boutique\/wp-content\/uploads\/2014\/03\/nautes011.jpg\" \/>\n\t<meta property=\"og:image:width\" content=\"2835\" \/>\n\t<meta property=\"og:image:height\" content=\"2835\" \/>\n\t<meta property=\"og:image:type\" content=\"image\/jpeg\" \/>\n<meta name=\"twitter:label1\" content=\"Dur\u00e9e de lecture estim\u00e9e\" \/>\n\t<meta name=\"twitter:data1\" content=\"2 minutes\" \/>\n<script type=\"application\/ld+json\" class=\"yoast-schema-graph\">{\"@context\":\"https:\/\/schema.org\",\"@graph\":[{\"@type\":\"WebPage\",\"@id\":\"https:\/\/www.nautesdeparis.fr\/boutique\/produit\/paris-dun-mur-a-lautre\/\",\"url\":\"https:\/\/www.nautesdeparis.fr\/boutique\/produit\/paris-dun-mur-a-lautre\/\",\"name\":\"Paris, d'un mur \u00e0 l'autre\",\"isPartOf\":{\"@id\":\"https:\/\/www.nautesdeparis.fr\/boutique\/#website\"},\"datePublished\":\"2014-03-11T19:25:51+00:00\",\"dateModified\":\"2014-11-23T17:44:35+00:00\",\"description\":\"Livre broch\u00e9 proposant un rallye ou une balade guid\u00e9e d'un mur \u00e0 l'autre sur les traces des enceintes de Paris. Parution le 18 f\u00e9vrier 2014.\",\"breadcrumb\":{\"@id\":\"https:\/\/www.nautesdeparis.fr\/boutique\/produit\/paris-dun-mur-a-lautre\/#breadcrumb\"},\"inLanguage\":\"fr-FR\",\"potentialAction\":[{\"@type\":\"ReadAction\",\"target\":[\"https:\/\/www.nautesdeparis.fr\/boutique\/produit\/paris-dun-mur-a-lautre\/\"]}]},{\"@type\":\"BreadcrumbList\",\"@id\":\"https:\/\/www.nautesdeparis.fr\/boutique\/produit\/paris-dun-mur-a-lautre\/#breadcrumb\",\"itemListElement\":[{\"@type\":\"ListItem\",\"position\":1,\"name\":\"Accueil\",\"item\":\"https:\/\/www.nautesdeparis.fr\/boutique\/\"},{\"@type\":\"ListItem\",\"position\":2,\"name\":\"Boutique en ligne\",\"item\":\"https:\/\/www.nautesdeparis.fr\/boutique\/\"},{\"@type\":\"ListItem\",\"position\":3,\"name\":\"Paris, d&rsquo;un mur \u00e0 l&rsquo;autre\"}]},{\"@type\":\"WebSite\",\"@id\":\"https:\/\/www.nautesdeparis.fr\/boutique\/#website\",\"url\":\"https:\/\/www.nautesdeparis.fr\/boutique\/\",\"name\":\"Boutique en ligne\",\"description\":\"La boutique des Nautes de Paris\",\"potentialAction\":[{\"@type\":\"SearchAction\",\"target\":{\"@type\":\"EntryPoint\",\"urlTemplate\":\"https:\/\/www.nautesdeparis.fr\/boutique\/?s={search_term_string}\"},\"query-input\":\"required name=search_term_string\"}],\"inLanguage\":\"fr-FR\"}]}<\/script>\n<!-- \/ Yoast SEO plugin. -->","yoast_head_json":{"title":"Paris, d'un mur \u00e0 l'autre","description":"Livre broch\u00e9 proposant un rallye ou une balade guid\u00e9e d'un mur \u00e0 l'autre sur les traces des enceintes de Paris. Parution le 18 f\u00e9vrier 2014.","robots":{"index":"index","follow":"follow","max-snippet":"max-snippet:-1","max-image-preview":"max-image-preview:large","max-video-preview":"max-video-preview:-1"},"canonical":"https:\/\/www.nautesdeparis.fr\/boutique\/produit\/paris-dun-mur-a-lautre\/","og_locale":"fr_FR","og_type":"article","og_title":"Paris, d'un mur \u00e0 l'autre","og_description":"Livre broch\u00e9 proposant un rallye ou une balade guid\u00e9e d'un mur \u00e0 l'autre sur les traces des enceintes de Paris. Parution le 18 f\u00e9vrier 2014.","og_url":"https:\/\/www.nautesdeparis.fr\/boutique\/produit\/paris-dun-mur-a-lautre\/","og_site_name":"Boutique en ligne","article_publisher":"https:\/\/www.facebook.com\/pages\/Les-Nautes-de-Paris\/453604271391853","article_modified_time":"2014-11-23T17:44:35+00:00","og_image":[{"width":2835,"height":2835,"url":"https:\/\/www.nautesdeparis.fr\/boutique\/wp-content\/uploads\/2014\/03\/nautes011.jpg","type":"image\/jpeg"}],"twitter_misc":{"Dur\u00e9e de lecture estim\u00e9e":"2 minutes"},"schema":{"@context":"https:\/\/schema.org","@graph":[{"@type":"WebPage","@id":"https:\/\/www.nautesdeparis.fr\/boutique\/produit\/paris-dun-mur-a-lautre\/","url":"https:\/\/www.nautesdeparis.fr\/boutique\/produit\/paris-dun-mur-a-lautre\/","name":"Paris, d'un mur \u00e0 l'autre","isPartOf":{"@id":"https:\/\/www.nautesdeparis.fr\/boutique\/#website"},"datePublished":"2014-03-11T19:25:51+00:00","dateModified":"2014-11-23T17:44:35+00:00","description":"Livre broch\u00e9 proposant un rallye ou une balade guid\u00e9e d'un mur \u00e0 l'autre sur les traces des enceintes de Paris. Parution le 18 f\u00e9vrier 2014.","breadcrumb":{"@id":"https:\/\/www.nautesdeparis.fr\/boutique\/produit\/paris-dun-mur-a-lautre\/#breadcrumb"},"inLanguage":"fr-FR","potentialAction":[{"@type":"ReadAction","target":["https:\/\/www.nautesdeparis.fr\/boutique\/produit\/paris-dun-mur-a-lautre\/"]}]},{"@type":"BreadcrumbList","@id":"https:\/\/www.nautesdeparis.fr\/boutique\/produit\/paris-dun-mur-a-lautre\/#breadcrumb","itemListElement":[{"@type":"ListItem","position":1,"name":"Accueil","item":"https:\/\/www.nautesdeparis.fr\/boutique\/"},{"@type":"ListItem","position":2,"name":"Boutique en ligne","item":"https:\/\/www.nautesdeparis.fr\/boutique\/"},{"@type":"ListItem","position":3,"name":"Paris, d&rsquo;un mur \u00e0 l&rsquo;autre"}]},{"@type":"WebSite","@id":"https:\/\/www.nautesdeparis.fr\/boutique\/#website","url":"https:\/\/www.nautesdeparis.fr\/boutique\/","name":"Boutique en ligne","description":"La boutique des Nautes de Paris","potentialAction":[{"@type":"SearchAction","target":{"@type":"EntryPoint","urlTemplate":"https:\/\/www.nautesdeparis.fr\/boutique\/?s={search_term_string}"},"query-input":"required name=search_term_string"}],"inLanguage":"fr-FR"}]}},"_links":{"self":[{"href":"https:\/\/www.nautesdeparis.fr\/boutique\/wp-json\/wp\/v2\/product\/3259"}],"collection":[{"href":"https:\/\/www.nautesdeparis.fr\/boutique\/wp-json\/wp\/v2\/product"}],"about":[{"href":"https:\/\/www.nautesdeparis.fr\/boutique\/wp-json\/wp\/v2\/types\/product"}],"replies":[{"embeddable":true,"href":"https:\/\/www.nautesdeparis.fr\/boutique\/wp-json\/wp\/v2\/comments?post=3259"}],"wp:featuredmedia":[{"embeddable":true,"href":"https:\/\/www.nautesdeparis.fr\/boutique\/wp-json\/wp\/v2\/media\/3261"}],"wp:attachment":[{"href":"https:\/\/www.nautesdeparis.fr\/boutique\/wp-json\/wp\/v2\/media?parent=3259"}],"wp:term":[{"taxonomy":"product_cat","embeddable":true,"href":"https:\/\/www.nautesdeparis.fr\/boutique\/wp-json\/wp\/v2\/product_cat?post=3259"},{"taxonomy":"product_tag","embeddable":true,"href":"https:\/\/www.nautesdeparis.fr\/boutique\/wp-json\/wp\/v2\/product_tag?post=3259"}],"curies":[{"name":"wp","href":"https:\/\/api.w.org\/{rel}","templated":true}]}}