{"id":832,"date":"2013-04-12T06:15:29","date_gmt":"2013-04-12T06:15:29","guid":{"rendered":"http:\/\/www.nautesdeparis.fr\/boutique\/?page_id=832"},"modified":"2014-07-31T15:22:21","modified_gmt":"2014-07-31T13:22:21","slug":"panier","status":"publish","type":"page","link":"https:\/\/www.nautesdeparis.fr\/boutique\/panier\/","title":{"rendered":"Mon panier"},"content":{"rendered":"\n","protected":false},"excerpt":{"rendered":"<p>&hellip;<\/p>\n","protected":false},"author":1,"featured_media":0,"parent":0,"menu_order":0,"comment_status":"closed","ping_status":"open","template":"","meta":[],"yoast_head":"<!-- This site is optimized with the Yoast SEO plugin v20.8 - https:\/\/yoast.com\/wordpress\/plugins\/seo\/ -->\n<title>Mon panier sur le site des Nautes de Paris<\/title>\n<meta name=\"description\" content=\"V\u00e9rifiez l&#039;ensemble de votre commande de livres des Nautes de Paris gr\u00e2ce \u00e0 votre panier.\" \/>\n<meta name=\"robots\" content=\"index, follow, max-snippet:-1, max-image-preview:large, max-video-preview:-1\" \/>\n<link rel=\"canonical\" href=\"https:\/\/www.nautesdeparis.fr\/boutique\/panier\/\" \/>\n<meta property=\"og:locale\" content=\"fr_FR\" \/>\n<meta property=\"og:type\" content=\"article\" \/>\n<meta property=\"og:title\" content=\"Mon panier sur le site des Nautes de Paris\" \/>\n<meta property=\"og:description\" content=\"V\u00e9rifiez l&#039;ensemble de votre commande de livres des Nautes de Paris gr\u00e2ce \u00e0 votre panier.\" \/>\n<meta property=\"og:url\" content=\"https:\/\/www.nautesdeparis.fr\/boutique\/panier\/\" \/>\n<meta property=\"og:site_name\" content=\"Boutique en ligne\" \/>\n<meta property=\"article:publisher\" content=\"https:\/\/www.facebook.com\/pages\/Les-Nautes-de-Paris\/453604271391853\" \/>\n<meta property=\"article:modified_time\" content=\"2014-07-31T13:22:21+00:00\" \/>\n<script type=\"application\/ld+json\" class=\"yoast-schema-graph\">{\"@context\":\"https:\/\/schema.org\",\"@graph\":[{\"@type\":\"WebPage\",\"@id\":\"https:\/\/www.nautesdeparis.fr\/boutique\/panier\/\",\"url\":\"https:\/\/www.nautesdeparis.fr\/boutique\/panier\/\",\"name\":\"Mon panier sur le site des Nautes de Paris\",\"isPartOf\":{\"@id\":\"https:\/\/www.nautesdeparis.fr\/boutique\/#website\"},\"datePublished\":\"2013-04-12T06:15:29+00:00\",\"dateModified\":\"2014-07-31T13:22:21+00:00\",\"description\":\"V\u00e9rifiez l'ensemble de votre commande de livres des Nautes de Paris gr\u00e2ce \u00e0 votre panier.\",\"breadcrumb\":{\"@id\":\"https:\/\/www.nautesdeparis.fr\/boutique\/panier\/#breadcrumb\"},\"inLanguage\":\"fr-FR\",\"potentialAction\":[{\"@type\":\"ReadAction\",\"target\":[\"https:\/\/www.nautesdeparis.fr\/boutique\/panier\/\"]}]},{\"@type\":\"BreadcrumbList\",\"@id\":\"https:\/\/www.nautesdeparis.fr\/boutique\/panier\/#breadcrumb\",\"itemListElement\":[{\"@type\":\"ListItem\",\"position\":1,\"name\":\"Accueil\",\"item\":\"https:\/\/www.nautesdeparis.fr\/boutique\/\"},{\"@type\":\"ListItem\",\"position\":2,\"name\":\"Mon panier\"}]},{\"@type\":\"WebSite\",\"@id\":\"https:\/\/www.nautesdeparis.fr\/boutique\/#website\",\"url\":\"https:\/\/www.nautesdeparis.fr\/boutique\/\",\"name\":\"Boutique en ligne\",\"description\":\"La boutique des Nautes de Paris\",\"potentialAction\":[{\"@type\":\"SearchAction\",\"target\":{\"@type\":\"EntryPoint\",\"urlTemplate\":\"https:\/\/www.nautesdeparis.fr\/boutique\/?s={search_term_string}\"},\"query-input\":\"required name=search_term_string\"}],\"inLanguage\":\"fr-FR\"}]}<\/script>\n<!-- \/ Yoast SEO plugin. -->","yoast_head_json":{"title":"Mon panier sur le site des Nautes de Paris","description":"V\u00e9rifiez l'ensemble de votre commande de livres des Nautes de Paris gr\u00e2ce \u00e0 votre panier.","robots":{"index":"index","follow":"follow","max-snippet":"max-snippet:-1","max-image-preview":"max-image-preview:large","max-video-preview":"max-video-preview:-1"},"canonical":"https:\/\/www.nautesdeparis.fr\/boutique\/panier\/","og_locale":"fr_FR","og_type":"article","og_title":"Mon panier sur le site des Nautes de Paris","og_description":"V\u00e9rifiez l'ensemble de votre commande de livres des Nautes de Paris gr\u00e2ce \u00e0 votre panier.","og_url":"https:\/\/www.nautesdeparis.fr\/boutique\/panier\/","og_site_name":"Boutique en ligne","article_publisher":"https:\/\/www.facebook.com\/pages\/Les-Nautes-de-Paris\/453604271391853","article_modified_time":"2014-07-31T13:22:21+00:00","schema":{"@context":"https:\/\/schema.org","@graph":[{"@type":"WebPage","@id":"https:\/\/www.nautesdeparis.fr\/boutique\/panier\/","url":"https:\/\/www.nautesdeparis.fr\/boutique\/panier\/","name":"Mon panier sur le site des Nautes de Paris","isPartOf":{"@id":"https:\/\/www.nautesdeparis.fr\/boutique\/#website"},"datePublished":"2013-04-12T06:15:29+00:00","dateModified":"2014-07-31T13:22:21+00:00","description":"V\u00e9rifiez l'ensemble de votre commande de livres des Nautes de Paris gr\u00e2ce \u00e0 votre panier.","breadcrumb":{"@id":"https:\/\/www.nautesdeparis.fr\/boutique\/panier\/#breadcrumb"},"inLanguage":"fr-FR","potentialAction":[{"@type":"ReadAction","target":["https:\/\/www.nautesdeparis.fr\/boutique\/panier\/"]}]},{"@type":"BreadcrumbList","@id":"https:\/\/www.nautesdeparis.fr\/boutique\/panier\/#breadcrumb","itemListElement":[{"@type":"ListItem","position":1,"name":"Accueil","item":"https:\/\/www.nautesdeparis.fr\/boutique\/"},{"@type":"ListItem","position":2,"name":"Mon panier"}]},{"@type":"WebSite","@id":"https:\/\/www.nautesdeparis.fr\/boutique\/#website","url":"https:\/\/www.nautesdeparis.fr\/boutique\/","name":"Boutique en ligne","description":"La boutique des Nautes de Paris","potentialAction":[{"@type":"SearchAction","target":{"@type":"EntryPoint","urlTemplate":"https:\/\/www.nautesdeparis.fr\/boutique\/?s={search_term_string}"},"query-input":"required name=search_term_string"}],"inLanguage":"fr-FR"}]}},"_links":{"self":[{"href":"https:\/\/www.nautesdeparis.fr\/boutique\/wp-json\/wp\/v2\/pages\/832"}],"collection":[{"href":"https:\/\/www.nautesdeparis.fr\/boutique\/wp-json\/wp\/v2\/pages"}],"about":[{"href":"https:\/\/www.nautesdeparis.fr\/boutique\/wp-json\/wp\/v2\/types\/page"}],"author":[{"embeddable":true,"href":"https:\/\/www.nautesdeparis.fr\/boutique\/wp-json\/wp\/v2\/users\/1"}],"replies":[{"embeddable":true,"href":"https:\/\/www.nautesdeparis.fr\/boutique\/wp-json\/wp\/v2\/comments?post=832"}],"version-history":[{"count":1,"href":"https:\/\/www.nautesdeparis.fr\/boutique\/wp-json\/wp\/v2\/pages\/832\/revisions"}],"predecessor-version":[{"id":3399,"href":"https:\/\/www.nautesdeparis.fr\/boutique\/wp-json\/wp\/v2\/pages\/832\/revisions\/3399"}],"wp:attachment":[{"href":"https:\/\/www.nautesdeparis.fr\/boutique\/wp-json\/wp\/v2\/media?parent=832"}],"curies":[{"name":"wp","href":"https:\/\/api.w.org\/{rel}","templated":true}]}}