{"id":3304,"date":"2014-04-20T19:35:21","date_gmt":"2014-04-20T17:35:21","guid":{"rendered":"http:\/\/www.nautesdeparis.fr\/boutique\/?page_id=3304"},"modified":"2014-07-29T19:36:13","modified_gmt":"2014-07-29T17:36:13","slug":"comment-commander","status":"publish","type":"page","link":"https:\/\/www.nautesdeparis.fr\/boutique\/comment-commander\/","title":{"rendered":"Comment commander ?"},"content":{"rendered":"<p><strong>1. Comment commander ?<\/strong><\/p>\n<ul>\n<li><strong style=\"color: #000000; font-style: normal;\">Sur le site :<\/strong> depuis la France m\u00e9tropolitaine sur Internet \u00e0 partir du site : <a title=\"Boutique de Les Nautes de Paris\" href=\"https:\/\/www.nautesdeparis.fr\/boutique\/\">nautesdeparis.fr<\/a><\/li>\n<li><strong style=\"color: #000000; font-style: normal;\">Par courrier :<\/strong> \u00e0 l\u2019adresse, Les Nautes de Paris , 12 avenue Ren\u00e9 Coty, 75014 Paris, France , en utilisant le bon de commande <a href=\"http:\/\/www.nautesdeparis.fr\/wp-content\/uploads\/2014\/04\/Nautes_BC.pdf\" title=\"Bon de commande\" target=\"_blank\">t\u00e9l\u00e9chargeable au format PDF 106 Ko<\/a>.<\/li>\n<li><strong style=\"color: #000000; font-style: normal;\">Par la messagerie :<\/strong> nautesdeparis@noos.fr en compl\u00e9tant le bon de commande (<a href=\"http:\/\/www.nautesdeparis.fr\/wp-content\/uploads\/2014\/04\/Nautes_BC.pdf\" title=\"Bon de commande\" target=\"_blank\">t\u00e9l\u00e9chargeable au format PDF 106 Ko<\/a>) et en nous en adressant un exemplaire par courrier, \u00e0 l\u2019adresse ci-dessus, avec le ch\u00e8que du montant indiqu\u00e9 (l\u2019exp\u00e9dition du livre ne se fera qu\u2019apr\u00e8s r\u00e9ception du ch\u00e8que).<\/li>\n<\/ul>\n<p><strong>2. Qui peut commander ?<\/strong><\/p>\n<ul>\n<li>Vous devez \u00eatre \u00e2g\u00e9 de 18 ans et plus et \u00eatre capable de contracter.<\/li>\n<li>Vous devez r\u00e9sider en France m\u00e9tropolitaine ou avoir une adresse de livraison en France. Pour tout autre pays nous contacter.<\/li>\n<\/ul>\n","protected":false},"excerpt":{"rendered":"<p>1. Comment commander ? Sur le site : depuis la France m\u00e9tropolitaine sur Internet \u00e0 partir du site : nautesdeparis.fr Par courrier : \u00e0 l\u2019adresse, Les Nautes de Paris , 12 avenue Ren\u00e9 Coty, 75014 Paris, France , en utilisant le bon de commande t\u00e9l\u00e9chargeable au format PDF 106 Ko. Par la messagerie : nautesdeparis@noos.fr&hellip;<\/p>\n","protected":false},"author":1,"featured_media":3390,"parent":0,"menu_order":0,"comment_status":"open","ping_status":"open","template":"","meta":[],"yoast_head":"<!-- This site is optimized with the Yoast SEO plugin v20.8 - https:\/\/yoast.com\/wordpress\/plugins\/seo\/ -->\n<title>Comment commander nos livres<\/title>\n<meta name=\"description\" content=\"Comment effectuer une commande de livres des Nautes de Paris sur le site avec la boutique en ligne ou par envoi de ch\u00e8que \u00e0 notre adresse.\" \/>\n<meta name=\"robots\" content=\"index, follow, max-snippet:-1, max-image-preview:large, max-video-preview:-1\" \/>\n<link rel=\"canonical\" href=\"https:\/\/www.nautesdeparis.fr\/boutique\/comment-commander\/\" \/>\n<meta property=\"og:locale\" content=\"fr_FR\" \/>\n<meta property=\"og:type\" content=\"article\" \/>\n<meta property=\"og:title\" content=\"Comment commander nos livres\" \/>\n<meta property=\"og:description\" content=\"Comment effectuer une commande de livres des Nautes de Paris sur le site avec la boutique en ligne ou par envoi de ch\u00e8que \u00e0 notre adresse.\" \/>\n<meta property=\"og:url\" content=\"https:\/\/www.nautesdeparis.fr\/boutique\/comment-commander\/\" \/>\n<meta property=\"og:site_name\" content=\"Boutique en ligne\" \/>\n<meta property=\"article:publisher\" content=\"https:\/\/www.facebook.com\/pages\/Les-Nautes-de-Paris\/453604271391853\" \/>\n<meta property=\"article:modified_time\" content=\"2014-07-29T17:36:13+00:00\" \/>\n<meta property=\"og:image\" content=\"https:\/\/www.nautesdeparis.fr\/boutique\/wp-content\/uploads\/2014\/04\/les_livres.jpg\" \/>\n\t<meta property=\"og:image:width\" content=\"717\" \/>\n\t<meta property=\"og:image:height\" content=\"412\" \/>\n\t<meta property=\"og:image:type\" content=\"image\/jpeg\" \/>\n<meta name=\"twitter:label1\" content=\"Dur\u00e9e de lecture estim\u00e9e\" \/>\n\t<meta name=\"twitter:data1\" content=\"1 minute\" \/>\n<script type=\"application\/ld+json\" class=\"yoast-schema-graph\">{\"@context\":\"https:\/\/schema.org\",\"@graph\":[{\"@type\":\"WebPage\",\"@id\":\"https:\/\/www.nautesdeparis.fr\/boutique\/comment-commander\/\",\"url\":\"https:\/\/www.nautesdeparis.fr\/boutique\/comment-commander\/\",\"name\":\"Comment commander nos livres\",\"isPartOf\":{\"@id\":\"https:\/\/www.nautesdeparis.fr\/boutique\/#website\"},\"datePublished\":\"2014-04-20T17:35:21+00:00\",\"dateModified\":\"2014-07-29T17:36:13+00:00\",\"description\":\"Comment effectuer une commande de livres des Nautes de Paris sur le site avec la boutique en ligne ou par envoi de ch\u00e8que \u00e0 notre adresse.\",\"breadcrumb\":{\"@id\":\"https:\/\/www.nautesdeparis.fr\/boutique\/comment-commander\/#breadcrumb\"},\"inLanguage\":\"fr-FR\",\"potentialAction\":[{\"@type\":\"ReadAction\",\"target\":[\"https:\/\/www.nautesdeparis.fr\/boutique\/comment-commander\/\"]}]},{\"@type\":\"BreadcrumbList\",\"@id\":\"https:\/\/www.nautesdeparis.fr\/boutique\/comment-commander\/#breadcrumb\",\"itemListElement\":[{\"@type\":\"ListItem\",\"position\":1,\"name\":\"Accueil\",\"item\":\"https:\/\/www.nautesdeparis.fr\/boutique\/\"},{\"@type\":\"ListItem\",\"position\":2,\"name\":\"Comment commander ?\"}]},{\"@type\":\"WebSite\",\"@id\":\"https:\/\/www.nautesdeparis.fr\/boutique\/#website\",\"url\":\"https:\/\/www.nautesdeparis.fr\/boutique\/\",\"name\":\"Boutique en ligne\",\"description\":\"La boutique des Nautes de Paris\",\"potentialAction\":[{\"@type\":\"SearchAction\",\"target\":{\"@type\":\"EntryPoint\",\"urlTemplate\":\"https:\/\/www.nautesdeparis.fr\/boutique\/?s={search_term_string}\"},\"query-input\":\"required name=search_term_string\"}],\"inLanguage\":\"fr-FR\"}]}<\/script>\n<!-- \/ Yoast SEO plugin. -->","yoast_head_json":{"title":"Comment commander nos livres","description":"Comment effectuer une commande de livres des Nautes de Paris sur le site avec la boutique en ligne ou par envoi de ch\u00e8que \u00e0 notre adresse.","robots":{"index":"index","follow":"follow","max-snippet":"max-snippet:-1","max-image-preview":"max-image-preview:large","max-video-preview":"max-video-preview:-1"},"canonical":"https:\/\/www.nautesdeparis.fr\/boutique\/comment-commander\/","og_locale":"fr_FR","og_type":"article","og_title":"Comment commander nos livres","og_description":"Comment effectuer une commande de livres des Nautes de Paris sur le site avec la boutique en ligne ou par envoi de ch\u00e8que \u00e0 notre adresse.","og_url":"https:\/\/www.nautesdeparis.fr\/boutique\/comment-commander\/","og_site_name":"Boutique en ligne","article_publisher":"https:\/\/www.facebook.com\/pages\/Les-Nautes-de-Paris\/453604271391853","article_modified_time":"2014-07-29T17:36:13+00:00","og_image":[{"width":717,"height":412,"url":"https:\/\/www.nautesdeparis.fr\/boutique\/wp-content\/uploads\/2014\/04\/les_livres.jpg","type":"image\/jpeg"}],"twitter_misc":{"Dur\u00e9e de lecture estim\u00e9e":"1 minute"},"schema":{"@context":"https:\/\/schema.org","@graph":[{"@type":"WebPage","@id":"https:\/\/www.nautesdeparis.fr\/boutique\/comment-commander\/","url":"https:\/\/www.nautesdeparis.fr\/boutique\/comment-commander\/","name":"Comment commander nos livres","isPartOf":{"@id":"https:\/\/www.nautesdeparis.fr\/boutique\/#website"},"datePublished":"2014-04-20T17:35:21+00:00","dateModified":"2014-07-29T17:36:13+00:00","description":"Comment effectuer une commande de livres des Nautes de Paris sur le site avec la boutique en ligne ou par envoi de ch\u00e8que \u00e0 notre adresse.","breadcrumb":{"@id":"https:\/\/www.nautesdeparis.fr\/boutique\/comment-commander\/#breadcrumb"},"inLanguage":"fr-FR","potentialAction":[{"@type":"ReadAction","target":["https:\/\/www.nautesdeparis.fr\/boutique\/comment-commander\/"]}]},{"@type":"BreadcrumbList","@id":"https:\/\/www.nautesdeparis.fr\/boutique\/comment-commander\/#breadcrumb","itemListElement":[{"@type":"ListItem","position":1,"name":"Accueil","item":"https:\/\/www.nautesdeparis.fr\/boutique\/"},{"@type":"ListItem","position":2,"name":"Comment commander ?"}]},{"@type":"WebSite","@id":"https:\/\/www.nautesdeparis.fr\/boutique\/#website","url":"https:\/\/www.nautesdeparis.fr\/boutique\/","name":"Boutique en ligne","description":"La boutique des Nautes de Paris","potentialAction":[{"@type":"SearchAction","target":{"@type":"EntryPoint","urlTemplate":"https:\/\/www.nautesdeparis.fr\/boutique\/?s={search_term_string}"},"query-input":"required name=search_term_string"}],"inLanguage":"fr-FR"}]}},"_links":{"self":[{"href":"https:\/\/www.nautesdeparis.fr\/boutique\/wp-json\/wp\/v2\/pages\/3304"}],"collection":[{"href":"https:\/\/www.nautesdeparis.fr\/boutique\/wp-json\/wp\/v2\/pages"}],"about":[{"href":"https:\/\/www.nautesdeparis.fr\/boutique\/wp-json\/wp\/v2\/types\/page"}],"author":[{"embeddable":true,"href":"https:\/\/www.nautesdeparis.fr\/boutique\/wp-json\/wp\/v2\/users\/1"}],"replies":[{"embeddable":true,"href":"https:\/\/www.nautesdeparis.fr\/boutique\/wp-json\/wp\/v2\/comments?post=3304"}],"version-history":[{"count":2,"href":"https:\/\/www.nautesdeparis.fr\/boutique\/wp-json\/wp\/v2\/pages\/3304\/revisions"}],"predecessor-version":[{"id":3388,"href":"https:\/\/www.nautesdeparis.fr\/boutique\/wp-json\/wp\/v2\/pages\/3304\/revisions\/3388"}],"wp:featuredmedia":[{"embeddable":true,"href":"https:\/\/www.nautesdeparis.fr\/boutique\/wp-json\/wp\/v2\/media\/3390"}],"wp:attachment":[{"href":"https:\/\/www.nautesdeparis.fr\/boutique\/wp-json\/wp\/v2\/media?parent=3304"}],"curies":[{"name":"wp","href":"https:\/\/api.w.org\/{rel}","templated":true}]}}