{"id":3290,"date":"2014-04-20T18:53:28","date_gmt":"2014-04-20T16:53:28","guid":{"rendered":"http:\/\/www.nautesdeparis.fr\/boutique\/?page_id=3290"},"modified":"2014-07-29T19:23:20","modified_gmt":"2014-07-29T17:23:20","slug":"conditions-generales-de-vente","status":"publish","type":"page","link":"https:\/\/www.nautesdeparis.fr\/boutique\/conditions-generales-de-vente\/","title":{"rendered":"Conditions G\u00e9n\u00e9rales de Vente"},"content":{"rendered":"<p>L\u2019achat d\u2019un produit ou d\u2019un service sur le site <a title=\"Le site de Les Nautes de Paris\" href=\"http:\/\/www.nautesdeparis.fr\/\">nautesdeparis.fr<\/a> ou par correspondance aupr\u00e8s de la SAS Les Nautes de Paris suppose l\u2019acceptation sans r\u00e9serve par l\u2019acheteur des conditions g\u00e9n\u00e9rales de ventes qui suivent :<\/p>\n<p><strong>Article 1 : Champ d\u2019application<\/strong><br \/>\nLes pr\u00e9sentes conditions de vente concernent des produits ou des services. Elles sont conclues par la SAS Les Nautes de Paris au capital de 5 000 euros, immatricul\u00e9e au registre du commerce et des soci\u00e9t\u00e9s de Paris, sous le n\u00b0799 479 746, dont le si\u00e8ge social est 12 avenue Ren\u00e9 Coty, 75014 Paris, France et d\u2019autre part toute personne physique ou morale, dans le cadre d\u2019un syst\u00e8me de vente ou de prestation de services en direct et\/ou \u00e0 distance.<\/p>\n<p>Les pr\u00e9sentes conditions g\u00e9n\u00e9rales de vente s\u2019appliquent \u00e0 toutes les commandes re\u00e7ues y compris celle qui se font via le site http:\/\/www.nautesdeparis.fr de la soci\u00e9t\u00e9 Les Nautes de Paris et sont valables au moment o\u00f9 la commande est pass\u00e9e.<\/p>\n<p>En cons\u00e9quence, le fait pour une personne physique ou morale, de commander aupr\u00e8s des Nautes de Paris et\/ou sur le site Internet des Nautes de Paris emporte acceptation pleine et enti\u00e8re des pr\u00e9sentes conditions g\u00e9n\u00e9rales de vente.<\/p>\n<p><strong>Article 2 : Commande<\/strong><br \/>\n<strong><em>2-1 Comment commander ?<\/em><\/strong><\/p>\n<ul>\n<li><strong style=\"color: #000000; font-style: normal;\">Sur le site :<\/strong> depuis la France m\u00e9tropolitaine sur Internet \u00e0 partir du site : <a title=\"Boutique de Les Nautes de Paris\" href=\"https:\/\/www.nautesdeparis.fr\/boutique\/\">nautesdeparis.fr<\/a><\/li>\n<li><strong style=\"color: #000000; font-style: normal;\">Par courrier :<\/strong> \u00e0 l\u2019adresse, Les Nautes de Paris, 12 avenue Ren\u00e9 Coty, 75014 Paris, France, en utilisant le bon de commande <a href=\"http:\/\/www.nautesdeparis.fr\/wp-content\/uploads\/2014\/04\/Nautes_BC.pdf\" title=\"Bon de commande\" target=\"_blank\">t\u00e9l\u00e9chargeable au format PDF 106 Ko<\/a>.<\/li>\n<li><strong style=\"color: #000000; font-style: normal;\">Par la messagerie :<\/strong> nautesdeparis@noos.fr en compl\u00e9tant le bon de commande (<a href=\"http:\/\/www.nautesdeparis.fr\/wp-content\/uploads\/2014\/04\/Nautes_BC.pdf\" title=\"Bon de commande\" target=\"_blank\">t\u00e9l\u00e9chargeable au format PDF 106 Ko<\/a>) et en nous en adressant un exemplaire par courrier, \u00e0 l\u2019adresse ci-dessus, avec le ch\u00e8que du montant indiqu\u00e9 (l\u2019exp\u00e9dition du livre ne se fera qu\u2019apr\u00e8s r\u00e9ception du ch\u00e8que).<\/li>\n<\/ul>\n<p><strong><em>2-2 Qui peut commander ?<\/em><\/strong><br \/>\nVous devez \u00eatre \u00e2g\u00e9 de 18 ans et plus et \u00eatre capable de contracter.<\/p>\n<p>Vous devez r\u00e9sider en France m\u00e9tropolitaine ou avoir une adresse de livraison en France. Pour tout autre pays nous contacter.<\/p>\n<p><strong><em>2-3 Validation de la commande<\/em><\/strong><br \/>\nSur le site, la commande n\u2019est valid\u00e9e qu\u2019apr\u00e8s vous avoir permis d\u2019en v\u00e9rifier le contenu et \u00e9ventuellement de la modifier \u00e0 partir de la page de r\u00e9capitulatif de votre commande.<\/p>\n<p>Le dernier clic ou clic d\u2019acceptation de votre commande signifie que vous acceptez l\u2019offre et les pr\u00e9sentes conditions g\u00e9n\u00e9rales de vente.<\/p>\n<p>Toute commande transmise par Internet est confirm\u00e9e par nautesdeparis.fr par un e-mail si le client a communiqu\u00e9 son adresse de messagerie. Nous vous conseillons de laisser votre adresse e-mail lors de votre commande. La commande est trait\u00e9e dans un d\u00e9lai maximum de trente (30) jours \u00e0 compter de la r\u00e9ception de votre commande. Dans le cas d\u2019un r\u00e8glement par ch\u00e8que, l\u2019envoi de la commande ne sera trait\u00e9 qu\u2019\u00e0 r\u00e9ception du r\u00e8glement. Et si celui-ci n\u2019arrive pas dans les trente (30) jours, les Nautes de Paris ne seront pas dans l\u2019obligation de traiter la commande et pourront d\u00e9truire le r\u00e8glement re\u00e7u en pr\u00e9venant le consommateur.<\/p>\n<p><strong>Article 4 : Prix de vente<\/strong><br \/>\nLes prix sont indiqu\u00e9s sur notre site en Euros, toutes taxes comprises en tenant compte du taux de TVA au jour de la commande, hors co\u00fbt d\u2019exp\u00e9dition.<\/p>\n<p>Les prix indiqu\u00e9s sont modifiables \u00e0 tout moment sans pr\u00e9avis. Toutefois, les articles seront factur\u00e9s sur la base en vigueur \u00e0 l\u2019enregistrement de la commande.<\/p>\n<p>En cas de commande vers un autre pays que la France m\u00e9tropolitaine, des droits de douanes ou autres taxes locales (TVA locale, taxe douani\u00e8re, droits d\u2019importation etc.) sont exigibles. Ces droits sont \u00e0 la charge exclusive du client et rel\u00e8vent de son enti\u00e8re responsabilit\u00e9 tant en termes de d\u00e9clarations que de paiement aux autorit\u00e9s comp\u00e9tentes.<\/p>\n<p>Toutes les commandes sont factur\u00e9es et payables en Euros uniquement.<\/p>\n<p>Les produits demeurent la propri\u00e9t\u00e9 des Nautes de Paris jusqu\u2019au paiement complet du prix, quelle que soit la date de livraison du produit.<\/p>\n<p><strong>Article 5 : Paiement<\/strong><br \/>\nVous pouvez r\u00e9gler vos achats soit :<\/p>\n<ul>\n<li><strong style=\"color: #000000; font-style: normal;\">En ligne <\/strong>:<\/li>\n<\/ul>\n<ol>\n<li><strong>par carte bancaire portant le logo CB, Carte Bleue, Visa \u2013 Eurocard \u2013 Mastercard \u2013 American Express \u2013 Diners Club<\/strong>. Vous devez indiquer le num\u00e9ro de votre carte, ainsi que la date de validit\u00e9 et les trois chiffres du cryptogramme figurant au dos de celle-ci directement dans la zone pr\u00e9vue \u00e0 cet effet (saisie s\u00e9curis\u00e9e par cryptage SSL via le syst\u00e8me propos\u00e9 par Paypal).<\/li>\n<p>Le montant des commandes r\u00e9gl\u00e9es par carte bancaire est encaiss\u00e9 le jour de l\u2019exp\u00e9dition de la commande. (Seuls les produits livr\u00e9s sont factur\u00e9s).<\/p>\n<li><strong>par compte Paypal<\/strong>. Vous payez en ligne avec votre compte sans communiquer vos informations financi\u00e8res lors de la transaction. C\u2019est gratuit, il suffit de vous enregistrer aupr\u00e8s de Paypal.<\/li>\n<\/ol>\n<ul>\n<li><strong style=\"color: #000000; font-style: normal;\">Par ch\u00e8que payable en France ou par Euroch\u00e8que libell\u00e9 en Euros et \u00e9tabli \u00e0 l\u2019ordre de : Les Nautes de Paris<\/strong>.<\/li>\n<ol>\nDans ce cas, le traitement de votre commande est effectu\u00e9 \u00e0 r\u00e9ception du ch\u00e8que. Le d\u00e9lai de traitement est allong\u00e9 de huit (8) jours. Le montant des commandes r\u00e9gl\u00e9es par ch\u00e8que est encaiss\u00e9 \u00e0 r\u00e9ception du ch\u00e8que (Seuls les produits livr\u00e9s sont factur\u00e9s). En cas d\u2019erreur, le trop per\u00e7u est rembours\u00e9 dans les trente (30) jours.<\/ol>\n<\/ul>\n<p><strong>N.B.<\/strong> Il est indispensable de reporter au dos du ch\u00e8que le num\u00e9ro attribu\u00e9 en fin de commande et de l\u2019adresser \u00e0 : Les Nautes de Paris, 12 avenue Ren\u00e9 Coty, 75014 Paris, France.<\/p>\n<p>Toute annulation frauduleuse (annulation d\u2019une transaction de carte bancaire, opposition sur ch\u00e8que, utilisation frauduleuse d\u2019un moyen de paiement, etc) fera l\u2019objet de poursuites judiciaires quel que soit le montant concern\u00e9.<\/p>\n<p><strong>Article 6 : Livraison<\/strong><br \/>\nLes articles sont livr\u00e9s \u00e0 l\u2019adresse de livraison indiqu\u00e9e lors de la commande.<\/p>\n<p>En ce qui concerne les livraisons hors France m\u00e9tropolitaine, les articles command\u00e9s sont import\u00e9s dans le pays de destination par et sous la responsabilit\u00e9 du client. Il lui appartient de prendre aupr\u00e8s des autorit\u00e9s locales concern\u00e9es les informations n\u00e9cessaires et de veiller \u00e0 respecter scrupuleusement les formalit\u00e9s sp\u00e9cifiques \u00e0 l\u2019importation de ces articles sur le territoire du pays de destination. Les \u00e9ventuels frais de douanes ou taxes locales sont \u00e0 la charge exclusive du client.<\/p>\n<p>Si vous r\u00e9glez par ch\u00e8que, la commande sera trait\u00e9e \u00e0 r\u00e9ception de votre r\u00e8glement et les d\u00e9lais d\u2019exp\u00e9dition et de traitement de votre commande seront allong\u00e9s de huit (8) jours.<\/p>\n<p>Si le bien est indisponible, le consommateur en sera averti dans les plus brefs d\u00e9lais et pourra demander le remboursement des sommes vers\u00e9es ou opter pour un \u00e9change.<\/p>\n<p>Les Nautes de Paris sont lib\u00e9r\u00e9s de leurs obligations en cas de \u00ab Force majeure \u00bb ind\u00e9pendante de leur volont\u00e9 : incendie, inondation, gr\u00e8ves ou autres raisons.<\/p>\n<p>Les produits command\u00e9s voyagent au risque et p\u00e9rils de l\u2019acheteur. D\u00e8s la r\u00e9ception des produits command\u00e9s, le consommateur v\u00e9rifiera l\u2019aspect g\u00e9n\u00e9ral de ceux-ci. Toute contestation devra \u00eatre faite aupr\u00e8s du transporteur dans un d\u00e9lai de 48h \u00e0 compter de la livraison.<\/p>\n<p>Sauf avis contraire les produits sont exp\u00e9di\u00e9s par voie postale. Les r\u00e9clamations sont donc \u00e0 faire aupr\u00e8s : du transporteur, du facteur ou du bureau de Poste lors de la r\u00e9ception de celui-ci.<\/p>\n<p><strong>Article 7 : D\u00e9lai de r\u00e9tractation \u2013 Droit de retour<\/strong><br \/>\nVous pouvez vous r\u00e9tracter \u00e0 tous moments avant exp\u00e9dition de votre commande : en adressant un mail aux nautesdeparis@noos.fr ou en utilisant le formulaire de contact sans oublier d\u2019indiquer votre num\u00e9ro de commande. Vous serez alors rembours\u00e9 dans les trente (30) jours.<\/p>\n<p><strong>Aucun envoi en contre-remboursement ne sera accept\u00e9, quel qu\u2019en soit le motif.<\/strong><\/p>\n<p><strong>S\u2019agissant de livres aucun retour ne sera accept\u00e9.<\/strong><\/p>\n<p><strong>Article 8 : informations nominatives ou priv\u00e9es<\/strong><br \/>\nLes Nautes de Paris traitent toutes les informations concernant sa client\u00e8le avec la plus stricte confidentialit\u00e9.<\/p>\n<p>Lors de la commande, seules sont demand\u00e9es les informations indispensables (nom, pr\u00e9nom, adresse, e-mail) pour un traitement efficace et le suivi de la commande. Elles ne seront pas utilis\u00e9es \u00e0 des fins commerciales par Les Nautes de Paris.<\/p>\n<p>Conform\u00e9ment \u00e0 la loi \u00ab Inform atique et Libert\u00e9s \u00bb du 6 janvier 1978, le client dispose d\u2019un droit d\u2019acc\u00e8s, d\u2019opposition et de rectification des donn\u00e9es le concernant \u00e0 l\u2019adresse suivante : Les Nautes de Paris, 12 avenue Ren\u00e9 Coty, 75014 Paris. Les fichiers seront d\u00e9clar\u00e9s \u00e0 la CNIL, commission nationale de l\u2019informatique et des libert\u00e9s (num\u00e9ro d\u2019agr\u00e9ment en cours d\u2019obtention).<\/p>\n<p><strong>Article 9: Droit applicable aux relations avec le client<\/strong><br \/>\nLes ventes des produits des Nautes de Paris, r\u00e9alis\u00e9es \u00e0 partir du site nautesdeparis.fr sont r\u00e9gies exclusivement par le droit fran\u00e7ais.<\/p>\n<p>En cas de litige, les tribunaux de Paris seront seuls comp\u00e9tents.<\/p>\n<p><strong>Article 10 : Acceptation du client<\/strong><br \/>\nEn cliquant sur le bouton \u00ab commander \u00bb vous d\u00e9clarez accepter la commande et l\u2019int\u00e9gralit\u00e9 des pr\u00e9sentes conditions g\u00e9n\u00e9rales de vente.<\/p>\n<p><strong>Article 11 : Archivage &#8211; Preuve<\/strong><br \/>\nLes bons de commandes et factures enregistr\u00e9es par nautesdeparis.fr pourront constituer la preuve de l\u2019ensemble des op\u00e9rations et des transactions financi\u00e8res que vous aurez effectu\u00e9es.<\/p>\n<p>Les registres informatis\u00e9s de l\u2019H\u00e9bergeur (OVH SAS) seront consid\u00e9r\u00e9s par les parties comme preuve de communications, commandes, paiement et transactions effectu\u00e9es entre les parties.<\/p>\n<p>Les pr\u00e9sentes conditions g\u00e9n\u00e9rales de ventes sont modifiables \u00e0 tout moment sans pr\u00e9avis.<\/p>\n<p><strong>Identification<\/strong><br \/>\nLe service nautesdeparis.fr est une prestation de : Les Nautes de Paris<br \/>\nSi\u00e8ge social : 12 avenue Ren\u00e9 Coty 75012 Paris, France<br \/>\nSAS au capital de 5 000 euros<br \/>\nRCS Paris \u2013799 479 746 00015 &#8211; code APE 5811Z<\/p>\n<p><strong>H\u00e9bergeur<\/strong><br \/>\nOVH SAS au capital de 10 000 000 \u20ac<br \/>\nSi\u00e8ge social : 2 rue Kellermann \u2013 59100 Roubaix<br \/>\nRCS Roubaix \u2013 Tourcoing 424 761 419 00045 &#8211; Code APE 6202A<br \/>\nN\u00b0TVA : FR 22 424 761 419<\/p>\n<p><strong><em>Mise \u00e0 jour le 15 avril 2014<\/em><\/strong><\/p>\n","protected":false},"excerpt":{"rendered":"<p>L\u2019achat d\u2019un produit ou d\u2019un service sur le site nautesdeparis.fr ou par correspondance aupr\u00e8s de la SAS Les Nautes de Paris suppose l\u2019acceptation sans r\u00e9serve par l\u2019acheteur des conditions g\u00e9n\u00e9rales de ventes qui suivent : Article 1 : Champ d\u2019application Les pr\u00e9sentes conditions de vente concernent des produits ou des services. Elles sont conclues par&hellip;<\/p>\n","protected":false},"author":1,"featured_media":0,"parent":0,"menu_order":0,"comment_status":"open","ping_status":"open","template":"","meta":[],"yoast_head":"<!-- This site is optimized with the Yoast SEO plugin v20.8 - https:\/\/yoast.com\/wordpress\/plugins\/seo\/ -->\n<title>Conditions G\u00e9n\u00e9rales de Vente<\/title>\n<meta name=\"description\" content=\"L\u2019achat d\u2019un produit ou d&#039;un service sur le site suppose l\u2019acceptation sans r\u00e9serve par l\u2019acheteur des conditions g\u00e9n\u00e9rales de ventes (CGV).\" \/>\n<meta name=\"robots\" content=\"index, follow, max-snippet:-1, max-image-preview:large, max-video-preview:-1\" \/>\n<link rel=\"canonical\" href=\"https:\/\/www.nautesdeparis.fr\/boutique\/conditions-generales-de-vente\/\" \/>\n<meta property=\"og:locale\" content=\"fr_FR\" \/>\n<meta property=\"og:type\" content=\"article\" \/>\n<meta property=\"og:title\" content=\"Conditions G\u00e9n\u00e9rales de Vente\" \/>\n<meta property=\"og:description\" content=\"L\u2019achat d\u2019un produit ou d&#039;un service sur le site suppose l\u2019acceptation sans r\u00e9serve par l\u2019acheteur des conditions g\u00e9n\u00e9rales de ventes (CGV).\" \/>\n<meta property=\"og:url\" content=\"https:\/\/www.nautesdeparis.fr\/boutique\/conditions-generales-de-vente\/\" \/>\n<meta property=\"og:site_name\" content=\"Boutique en ligne\" \/>\n<meta property=\"article:publisher\" content=\"https:\/\/www.facebook.com\/pages\/Les-Nautes-de-Paris\/453604271391853\" \/>\n<meta property=\"article:modified_time\" content=\"2014-07-29T17:23:20+00:00\" \/>\n<meta name=\"twitter:label1\" content=\"Dur\u00e9e de lecture estim\u00e9e\" \/>\n\t<meta name=\"twitter:data1\" content=\"8 minutes\" \/>\n<script type=\"application\/ld+json\" class=\"yoast-schema-graph\">{\"@context\":\"https:\/\/schema.org\",\"@graph\":[{\"@type\":\"WebPage\",\"@id\":\"https:\/\/www.nautesdeparis.fr\/boutique\/conditions-generales-de-vente\/\",\"url\":\"https:\/\/www.nautesdeparis.fr\/boutique\/conditions-generales-de-vente\/\",\"name\":\"Conditions G\u00e9n\u00e9rales de Vente\",\"isPartOf\":{\"@id\":\"https:\/\/www.nautesdeparis.fr\/boutique\/#website\"},\"datePublished\":\"2014-04-20T16:53:28+00:00\",\"dateModified\":\"2014-07-29T17:23:20+00:00\",\"description\":\"L\u2019achat d\u2019un produit ou d'un service sur le site suppose l\u2019acceptation sans r\u00e9serve par l\u2019acheteur des conditions g\u00e9n\u00e9rales de ventes (CGV).\",\"breadcrumb\":{\"@id\":\"https:\/\/www.nautesdeparis.fr\/boutique\/conditions-generales-de-vente\/#breadcrumb\"},\"inLanguage\":\"fr-FR\",\"potentialAction\":[{\"@type\":\"ReadAction\",\"target\":[\"https:\/\/www.nautesdeparis.fr\/boutique\/conditions-generales-de-vente\/\"]}]},{\"@type\":\"BreadcrumbList\",\"@id\":\"https:\/\/www.nautesdeparis.fr\/boutique\/conditions-generales-de-vente\/#breadcrumb\",\"itemListElement\":[{\"@type\":\"ListItem\",\"position\":1,\"name\":\"Accueil\",\"item\":\"https:\/\/www.nautesdeparis.fr\/boutique\/\"},{\"@type\":\"ListItem\",\"position\":2,\"name\":\"Conditions G\u00e9n\u00e9rales de Vente\"}]},{\"@type\":\"WebSite\",\"@id\":\"https:\/\/www.nautesdeparis.fr\/boutique\/#website\",\"url\":\"https:\/\/www.nautesdeparis.fr\/boutique\/\",\"name\":\"Boutique en ligne\",\"description\":\"La boutique des Nautes de Paris\",\"potentialAction\":[{\"@type\":\"SearchAction\",\"target\":{\"@type\":\"EntryPoint\",\"urlTemplate\":\"https:\/\/www.nautesdeparis.fr\/boutique\/?s={search_term_string}\"},\"query-input\":\"required name=search_term_string\"}],\"inLanguage\":\"fr-FR\"}]}<\/script>\n<!-- \/ Yoast SEO plugin. -->","yoast_head_json":{"title":"Conditions G\u00e9n\u00e9rales de Vente","description":"L\u2019achat d\u2019un produit ou d'un service sur le site suppose l\u2019acceptation sans r\u00e9serve par l\u2019acheteur des conditions g\u00e9n\u00e9rales de ventes (CGV).","robots":{"index":"index","follow":"follow","max-snippet":"max-snippet:-1","max-image-preview":"max-image-preview:large","max-video-preview":"max-video-preview:-1"},"canonical":"https:\/\/www.nautesdeparis.fr\/boutique\/conditions-generales-de-vente\/","og_locale":"fr_FR","og_type":"article","og_title":"Conditions G\u00e9n\u00e9rales de Vente","og_description":"L\u2019achat d\u2019un produit ou d'un service sur le site suppose l\u2019acceptation sans r\u00e9serve par l\u2019acheteur des conditions g\u00e9n\u00e9rales de ventes (CGV).","og_url":"https:\/\/www.nautesdeparis.fr\/boutique\/conditions-generales-de-vente\/","og_site_name":"Boutique en ligne","article_publisher":"https:\/\/www.facebook.com\/pages\/Les-Nautes-de-Paris\/453604271391853","article_modified_time":"2014-07-29T17:23:20+00:00","twitter_misc":{"Dur\u00e9e de lecture estim\u00e9e":"8 minutes"},"schema":{"@context":"https:\/\/schema.org","@graph":[{"@type":"WebPage","@id":"https:\/\/www.nautesdeparis.fr\/boutique\/conditions-generales-de-vente\/","url":"https:\/\/www.nautesdeparis.fr\/boutique\/conditions-generales-de-vente\/","name":"Conditions G\u00e9n\u00e9rales de Vente","isPartOf":{"@id":"https:\/\/www.nautesdeparis.fr\/boutique\/#website"},"datePublished":"2014-04-20T16:53:28+00:00","dateModified":"2014-07-29T17:23:20+00:00","description":"L\u2019achat d\u2019un produit ou d'un service sur le site suppose l\u2019acceptation sans r\u00e9serve par l\u2019acheteur des conditions g\u00e9n\u00e9rales de ventes (CGV).","breadcrumb":{"@id":"https:\/\/www.nautesdeparis.fr\/boutique\/conditions-generales-de-vente\/#breadcrumb"},"inLanguage":"fr-FR","potentialAction":[{"@type":"ReadAction","target":["https:\/\/www.nautesdeparis.fr\/boutique\/conditions-generales-de-vente\/"]}]},{"@type":"BreadcrumbList","@id":"https:\/\/www.nautesdeparis.fr\/boutique\/conditions-generales-de-vente\/#breadcrumb","itemListElement":[{"@type":"ListItem","position":1,"name":"Accueil","item":"https:\/\/www.nautesdeparis.fr\/boutique\/"},{"@type":"ListItem","position":2,"name":"Conditions G\u00e9n\u00e9rales de Vente"}]},{"@type":"WebSite","@id":"https:\/\/www.nautesdeparis.fr\/boutique\/#website","url":"https:\/\/www.nautesdeparis.fr\/boutique\/","name":"Boutique en ligne","description":"La boutique des Nautes de Paris","potentialAction":[{"@type":"SearchAction","target":{"@type":"EntryPoint","urlTemplate":"https:\/\/www.nautesdeparis.fr\/boutique\/?s={search_term_string}"},"query-input":"required name=search_term_string"}],"inLanguage":"fr-FR"}]}},"_links":{"self":[{"href":"https:\/\/www.nautesdeparis.fr\/boutique\/wp-json\/wp\/v2\/pages\/3290"}],"collection":[{"href":"https:\/\/www.nautesdeparis.fr\/boutique\/wp-json\/wp\/v2\/pages"}],"about":[{"href":"https:\/\/www.nautesdeparis.fr\/boutique\/wp-json\/wp\/v2\/types\/page"}],"author":[{"embeddable":true,"href":"https:\/\/www.nautesdeparis.fr\/boutique\/wp-json\/wp\/v2\/users\/1"}],"replies":[{"embeddable":true,"href":"https:\/\/www.nautesdeparis.fr\/boutique\/wp-json\/wp\/v2\/comments?post=3290"}],"version-history":[{"count":2,"href":"https:\/\/www.nautesdeparis.fr\/boutique\/wp-json\/wp\/v2\/pages\/3290\/revisions"}],"predecessor-version":[{"id":3387,"href":"https:\/\/www.nautesdeparis.fr\/boutique\/wp-json\/wp\/v2\/pages\/3290\/revisions\/3387"}],"wp:attachment":[{"href":"https:\/\/www.nautesdeparis.fr\/boutique\/wp-json\/wp\/v2\/media?parent=3290"}],"curies":[{"name":"wp","href":"https:\/\/api.w.org\/{rel}","templated":true}]}}